{"id":3415,"date":"2020-05-15T18:52:39","date_gmt":"2020-05-15T16:52:39","guid":{"rendered":"https:\/\/kossinskaja.com\/?page_id=3415"},"modified":"2020-06-23T15:32:38","modified_gmt":"2020-06-23T13:32:38","slug":"paymant-delivery","status":"publish","type":"page","link":"https:\/\/kossinskaja.com\/ru\/agreements-policy\/paymant-delivery\/","title":{"rendered":"Payment &#038;Delivery"},"content":{"rendered":"<div id=\"cc-shop-shipping-free-text\">\n<h2 class=\"n\">Important information about foreign shipping<\/h2>\n<p class=\"n\">Z\u00f6lle, Einfuhrsteuern oder andere lokale Geb\u00fchren im Gesamtpreis nicht enthalten k\u00f6nnen u.U. bei internationalem Versand anfallen.<\/p>\n<p>Tolls, taxes, and other fees not indicated in the total price may apply to international shipments.<\/p>\n<\/div>\n<p>&nbsp;<\/p>\n<div id=\"cc-shop-countries\">\n<h2 class=\"n\">Shipping available for the following countries:<\/h2>\n<table class=\"j-delivery-info\">\n<thead>\n<tr>\n<th><\/th>\n<th>Standard Shipping Cost<\/th>\n<\/tr>\n<\/thead>\n<tbody>\n<tr>\n<td>Germany<\/td>\n<td>2,00 \u20ac<\/td>\n<\/tr>\n<tr>\n<td>Algeria<\/td>\n<td>7,50 \u20ac<\/td>\n<\/tr>\n<tr>\n<td>Angola<\/td>\n<td>7,50 \u20ac<\/td>\n<\/tr>\n<tr>\n<td>Benin<\/td>\n<td>7,50 \u20ac<\/td>\n<\/tr>\n<tr>\n<td>Botswana<\/td>\n<td>7,50 \u20ac<\/td>\n<\/tr>\n<tr>\n<td>Burkina Faso<\/td>\n<td>7,50 \u20ac<\/td>\n<\/tr>\n<tr>\n<td>Burundi<\/td>\n<td>7,50 \u20ac<\/td>\n<\/tr>\n<tr>\n<td>Cameroon<\/td>\n<td>7,50 \u20ac<\/td>\n<\/tr>\n<tr>\n<td>Cape Verde<\/td>\n<td>7,50 \u20ac<\/td>\n<\/tr>\n<tr>\n<td>Central African Republic<\/td>\n<td>7,50 \u20ac<\/td>\n<\/tr>\n<tr>\n<td>Chad<\/td>\n<td>7,50 \u20ac<\/td>\n<\/tr>\n<tr>\n<td>Comoros<\/td>\n<td>7,50 \u20ac<\/td>\n<\/tr>\n<tr>\n<td>Congo &#8212; Brazzaville<\/td>\n<td>7,50 \u20ac<\/td>\n<\/tr>\n<tr>\n<td>Congo &#8212; Kinshasa<\/td>\n<td>7,50 \u20ac<\/td>\n<\/tr>\n<tr>\n<td>C\u00f4te d\u2019Ivoire<\/td>\n<td>7,50 \u20ac<\/td>\n<\/tr>\n<tr>\n<td>Djibouti<\/td>\n<td>7,50 \u20ac<\/td>\n<\/tr>\n<tr>\n<td>Equatorial Guinea<\/td>\n<td>7,50 \u20ac<\/td>\n<\/tr>\n<tr>\n<td>Eritrea<\/td>\n<td>7,50 \u20ac<\/td>\n<\/tr>\n<tr>\n<td>Ethiopia<\/td>\n<td>7,50 \u20ac<\/td>\n<\/tr>\n<tr>\n<td>Gabon<\/td>\n<td>7,50 \u20ac<\/td>\n<\/tr>\n<tr>\n<td>Gambia<\/td>\n<td>7,50 \u20ac<\/td>\n<\/tr>\n<tr>\n<td>Ghana<\/td>\n<td>7,50 \u20ac<\/td>\n<\/tr>\n<tr>\n<td>Guinea-Bissau<\/td>\n<td>7,50 \u20ac<\/td>\n<\/tr>\n<tr>\n<td>Kenya<\/td>\n<td>7,50 \u20ac<\/td>\n<\/tr>\n<tr>\n<td>Lesotho<\/td>\n<td>7,50 \u20ac<\/td>\n<\/tr>\n<tr>\n<td>Liberia<\/td>\n<td>7,50 \u20ac<\/td>\n<\/tr>\n<tr>\n<td>Madagascar<\/td>\n<td>7,50 \u20ac<\/td>\n<\/tr>\n<tr>\n<td>Malawi<\/td>\n<td>7,50 \u20ac<\/td>\n<\/tr>\n<tr>\n<td>Mali<\/td>\n<td>7,50 \u20ac<\/td>\n<\/tr>\n<tr>\n<td>Mauritania<\/td>\n<td>7,50 \u20ac<\/td>\n<\/tr>\n<tr>\n<td>Mauritius<\/td>\n<td>7,50 \u20ac<\/td>\n<\/tr>\n<tr>\n<td>Mayotte<\/td>\n<td>7,50 \u20ac<\/td>\n<\/tr>\n<tr>\n<td>Morocco<\/td>\n<td>7,50 \u20ac<\/td>\n<\/tr>\n<tr>\n<td>Mozambique<\/td>\n<td>7,50 \u20ac<\/td>\n<\/tr>\n<tr>\n<td>Namibia<\/td>\n<td>7,50 \u20ac<\/td>\n<\/tr>\n<tr>\n<td>Niger<\/td>\n<td>7,50 \u20ac<\/td>\n<\/tr>\n<tr>\n<td>Nigeria<\/td>\n<td>7,50 \u20ac<\/td>\n<\/tr>\n<tr>\n<td>R\u00e9union<\/td>\n<td>7,50 \u20ac<\/td>\n<\/tr>\n<tr>\n<td>Rwanda<\/td>\n<td>7,50 \u20ac<\/td>\n<\/tr>\n<tr>\n<td>S\u00e3o Tom\u00e9 and Pr\u00edncipe<\/td>\n<td>7,50 \u20ac<\/td>\n<\/tr>\n<tr>\n<td>Senegal<\/td>\n<td>7,50 \u20ac<\/td>\n<\/tr>\n<tr>\n<td>Seychelles<\/td>\n<td>7,50 \u20ac<\/td>\n<\/tr>\n<tr>\n<td>Sierra Leone<\/td>\n<td>7,50 \u20ac<\/td>\n<\/tr>\n<tr>\n<td>Somalia<\/td>\n<td>7,50 \u20ac<\/td>\n<\/tr>\n<tr>\n<td>South Africa<\/td>\n<td>7,50 \u20ac<\/td>\n<\/tr>\n<tr>\n<td>Sudan<\/td>\n<td>7,50 \u20ac<\/td>\n<\/tr>\n<tr>\n<td>Swaziland<\/td>\n<td>7,50 \u20ac<\/td>\n<\/tr>\n<tr>\n<td>Tanzania<\/td>\n<td>7,50 \u20ac<\/td>\n<\/tr>\n<tr>\n<td>Togo<\/td>\n<td>7,50 \u20ac<\/td>\n<\/tr>\n<tr>\n<td>Tunisia<\/td>\n<td>7,50 \u20ac<\/td>\n<\/tr>\n<tr>\n<td>Uganda<\/td>\n<td>7,50 \u20ac<\/td>\n<\/tr>\n<tr>\n<td>Western Sahara<\/td>\n<td>7,50 \u20ac<\/td>\n<\/tr>\n<tr>\n<td>Zambia<\/td>\n<td>7,50 \u20ac<\/td>\n<\/tr>\n<tr>\n<td>Zimbabwe<\/td>\n<td>7,50 \u20ac<\/td>\n<\/tr>\n<tr>\n<td>Afghanistan<\/td>\n<td>7,50 \u20ac<\/td>\n<\/tr>\n<tr>\n<td>Armenia<\/td>\n<td>7,50 \u20ac<\/td>\n<\/tr>\n<tr>\n<td>Azerbaijan<\/td>\n<td>7,50 \u20ac<\/td>\n<\/tr>\n<tr>\n<td>Bangladesh<\/td>\n<td>7,50 \u20ac<\/td>\n<\/tr>\n<tr>\n<td>Bhutan<\/td>\n<td>7,50 \u20ac<\/td>\n<\/tr>\n<tr>\n<td>Brunei<\/td>\n<td>7,50 \u20ac<\/td>\n<\/tr>\n<tr>\n<td>Cambodia<\/td>\n<td>7,50 \u20ac<\/td>\n<\/tr>\n<tr>\n<td>China<\/td>\n<td>7,50 \u20ac<\/td>\n<\/tr>\n<tr>\n<td>Hong Kong SAR China<\/td>\n<td>7,50 \u20ac<\/td>\n<\/tr>\n<tr>\n<td>India<\/td>\n<td>7,50 \u20ac<\/td>\n<\/tr>\n<tr>\n<td>Indonesia<\/td>\n<td>7,50 \u20ac<\/td>\n<\/tr>\n<tr>\n<td>Japan<\/td>\n<td>7,50 \u20ac<\/td>\n<\/tr>\n<tr>\n<td>Kazakhstan<\/td>\n<td>7,50 \u20ac<\/td>\n<\/tr>\n<tr>\n<td>Kyrgyzstan<\/td>\n<td>7,50 \u20ac<\/td>\n<\/tr>\n<tr>\n<td>Laos<\/td>\n<td>7,50 \u20ac<\/td>\n<\/tr>\n<tr>\n<td>Macau SAR China<\/td>\n<td>7,50 \u20ac<\/td>\n<\/tr>\n<tr>\n<td>Malaysia<\/td>\n<td>7,50 \u20ac<\/td>\n<\/tr>\n<tr>\n<td>Maldives<\/td>\n<td>7,50 \u20ac<\/td>\n<\/tr>\n<tr>\n<td>Mongolia<\/td>\n<td>7,50 \u20ac<\/td>\n<\/tr>\n<tr>\n<td>Myanmar [Burma]<\/td>\n<td>7,50 \u20ac<\/td>\n<\/tr>\n<tr>\n<td>Nepal<\/td>\n<td>7,50 \u20ac<\/td>\n<\/tr>\n<tr>\n<td>Northern Mariana Islands<\/td>\n<td>7,50 \u20ac<\/td>\n<\/tr>\n<tr>\n<td>North Korea<\/td>\n<td>7,50 \u20ac<\/td>\n<\/tr>\n<tr>\n<td>Pakistan<\/td>\n<td>7,50 \u20ac<\/td>\n<\/tr>\n<tr>\n<td>Philippines<\/td>\n<td>7,50 \u20ac<\/td>\n<\/tr>\n<tr>\n<td>Singapore<\/td>\n<td>7,50 \u20ac<\/td>\n<\/tr>\n<tr>\n<td>South Korea<\/td>\n<td>7,50 \u20ac<\/td>\n<\/tr>\n<tr>\n<td>Sri Lanka<\/td>\n<td>7,50 \u20ac<\/td>\n<\/tr>\n<tr>\n<td>Suriname<\/td>\n<td>7,50 \u20ac<\/td>\n<\/tr>\n<tr>\n<td>Taiwan<\/td>\n<td>7,50 \u20ac<\/td>\n<\/tr>\n<tr>\n<td>Tajikistan<\/td>\n<td>7,50 \u20ac<\/td>\n<\/tr>\n<tr>\n<td>Thailand<\/td>\n<td>7,50 \u20ac<\/td>\n<\/tr>\n<tr>\n<td>Timor-Leste<\/td>\n<td>7,50 \u20ac<\/td>\n<\/tr>\n<tr>\n<td>Turkmenistan<\/td>\n<td>7,50 \u20ac<\/td>\n<\/tr>\n<tr>\n<td>Uzbekistan<\/td>\n<td>7,50 \u20ac<\/td>\n<\/tr>\n<tr>\n<td>Vietnam<\/td>\n<td>7,50 \u20ac<\/td>\n<\/tr>\n<tr>\n<td>Albania<\/td>\n<td>7,50 \u20ac<\/td>\n<\/tr>\n<tr>\n<td>Andorra<\/td>\n<td>7,50 \u20ac<\/td>\n<\/tr>\n<tr>\n<td>Austria<\/td>\n<td>7,50 \u20ac<\/td>\n<\/tr>\n<tr>\n<td>Belarus<\/td>\n<td>7,50 \u20ac<\/td>\n<\/tr>\n<tr>\n<td>Belgium<\/td>\n<td>7,50 \u20ac<\/td>\n<\/tr>\n<tr>\n<td>Bosnia and Herzegovina<\/td>\n<td>7,50 \u20ac<\/td>\n<\/tr>\n<tr>\n<td>Bulgaria<\/td>\n<td>7,50 \u20ac<\/td>\n<\/tr>\n<tr>\n<td>Croatia<\/td>\n<td>7,50 \u20ac<\/td>\n<\/tr>\n<tr>\n<td>Cyprus<\/td>\n<td>7,50 \u20ac<\/td>\n<\/tr>\n<tr>\n<td>Czech Republic<\/td>\n<td>7,50 \u20ac<\/td>\n<\/tr>\n<tr>\n<td>Denmark<\/td>\n<td>7,50 \u20ac<\/td>\n<\/tr>\n<tr>\n<td>Estonia<\/td>\n<td>7,50 \u20ac<\/td>\n<\/tr>\n<tr>\n<td>Faroe Islands<\/td>\n<td>7,50 \u20ac<\/td>\n<\/tr>\n<tr>\n<td>Finland<\/td>\n<td>7,50 \u20ac<\/td>\n<\/tr>\n<tr>\n<td>France<\/td>\n<td>7,50 \u20ac<\/td>\n<\/tr>\n<tr>\n<td>Georgia<\/td>\n<td>7,50 \u20ac<\/td>\n<\/tr>\n<tr>\n<td>Gibraltar<\/td>\n<td>7,50 \u20ac<\/td>\n<\/tr>\n<tr>\n<td>Greece<\/td>\n<td>7,50 \u20ac<\/td>\n<\/tr>\n<tr>\n<td>Hungary<\/td>\n<td>7,50 \u20ac<\/td>\n<\/tr>\n<tr>\n<td>Iceland<\/td>\n<td>7,50 \u20ac<\/td>\n<\/tr>\n<tr>\n<td>Ireland<\/td>\n<td>7,50 \u20ac<\/td>\n<\/tr>\n<tr>\n<td>Italy<\/td>\n<td>7,50 \u20ac<\/td>\n<\/tr>\n<tr>\n<td>Latvia<\/td>\n<td>7,50 \u20ac<\/td>\n<\/tr>\n<tr>\n<td>Liechtenstein<\/td>\n<td>7,50 \u20ac<\/td>\n<\/tr>\n<tr>\n<td>Lithuania<\/td>\n<td>7,50 \u20ac<\/td>\n<\/tr>\n<tr>\n<td>Luxembourg<\/td>\n<td>7,50 \u20ac<\/td>\n<\/tr>\n<tr>\n<td>Macedonia<\/td>\n<td>7,50 \u20ac<\/td>\n<\/tr>\n<tr>\n<td>Malta<\/td>\n<td>7,50 \u20ac<\/td>\n<\/tr>\n<tr>\n<td>Moldova<\/td>\n<td>7,50 \u20ac<\/td>\n<\/tr>\n<tr>\n<td>Monaco<\/td>\n<td>7,50 \u20ac<\/td>\n<\/tr>\n<tr>\n<td>Montenegro<\/td>\n<td>7,50 \u20ac<\/td>\n<\/tr>\n<tr>\n<td>Montserrat<\/td>\n<td>7,50 \u20ac<\/td>\n<\/tr>\n<tr>\n<td>Netherlands<\/td>\n<td>7,50 \u20ac<\/td>\n<\/tr>\n<tr>\n<td>Norway<\/td>\n<td>7,50 \u20ac<\/td>\n<\/tr>\n<tr>\n<td>Poland<\/td>\n<td>7,50 \u20ac<\/td>\n<\/tr>\n<tr>\n<td>Portugal<\/td>\n<td>7,50 \u20ac<\/td>\n<\/tr>\n<tr>\n<td>Romania<\/td>\n<td>7,50 \u20ac<\/td>\n<\/tr>\n<tr>\n<td>Russia<\/td>\n<td>7,50 \u20ac<\/td>\n<\/tr>\n<tr>\n<td>San Marino<\/td>\n<td>7,50 \u20ac<\/td>\n<\/tr>\n<tr>\n<td>Serbia and Montenegro<\/td>\n<td>7,50 \u20ac<\/td>\n<\/tr>\n<tr>\n<td>Slovakia<\/td>\n<td>7,50 \u20ac<\/td>\n<\/tr>\n<tr>\n<td>Slovenia<\/td>\n<td>7,50 \u20ac<\/td>\n<\/tr>\n<tr>\n<td>Spain<\/td>\n<td>7,50 \u20ac<\/td>\n<\/tr>\n<tr>\n<td>Svalbard and Jan Mayen<\/td>\n<td>7,50 \u20ac<\/td>\n<\/tr>\n<tr>\n<td>Sweden<\/td>\n<td>7,50 \u20ac<\/td>\n<\/tr>\n<tr>\n<td>Switzerland<\/td>\n<td>7,50 \u20ac<\/td>\n<\/tr>\n<tr>\n<td>Turkey<\/td>\n<td>7,50 \u20ac<\/td>\n<\/tr>\n<tr>\n<td>Ukraine<\/td>\n<td>7,50 \u20ac<\/td>\n<\/tr>\n<tr>\n<td>United Kingdom<\/td>\n<td>7,50 \u20ac<\/td>\n<\/tr>\n<tr>\n<td>Vatican City<\/td>\n<td>7,50 \u20ac<\/td>\n<\/tr>\n<tr>\n<td>Canada<\/td>\n<td>7,50 \u20ac<\/td>\n<\/tr>\n<tr>\n<td>Greenland<\/td>\n<td>7,50 \u20ac<\/td>\n<\/tr>\n<tr>\n<td>Mexico<\/td>\n<td>7,50 \u20ac<\/td>\n<\/tr>\n<tr>\n<td>Saint Pierre and Miquelon<\/td>\n<td>7,50 \u20ac<\/td>\n<\/tr>\n<tr>\n<td>United States<\/td>\n<td>7,50 \u20ac<\/td>\n<\/tr>\n<tr>\n<td>U.S. Minor Outlying Islands<\/td>\n<td>7,50 \u20ac<\/td>\n<\/tr>\n<tr>\n<td>Anguilla<\/td>\n<td>7,50 \u20ac<\/td>\n<\/tr>\n<tr>\n<td>Aruba<\/td>\n<td>7,50 \u20ac<\/td>\n<\/tr>\n<tr>\n<td>Bahamas<\/td>\n<td>7,50 \u20ac<\/td>\n<\/tr>\n<tr>\n<td>Barbados<\/td>\n<td>7,50 \u20ac<\/td>\n<\/tr>\n<tr>\n<td>Bermuda<\/td>\n<td>7,50 \u20ac<\/td>\n<\/tr>\n<tr>\n<td>British Virgin Islands<\/td>\n<td>7,50 \u20ac<\/td>\n<\/tr>\n<tr>\n<td>Cayman Islands<\/td>\n<td>7,50 \u20ac<\/td>\n<\/tr>\n<tr>\n<td>El Salvador<\/td>\n<td>7,50 \u20ac<\/td>\n<\/tr>\n<tr>\n<td>Fiji<\/td>\n<td>7,50 \u20ac<\/td>\n<\/tr>\n<tr>\n<td>Guadeloupe<\/td>\n<td>7,50 \u20ac<\/td>\n<\/tr>\n<tr>\n<td>Guatemala<\/td>\n<td>7,50 \u20ac<\/td>\n<\/tr>\n<tr>\n<td>Honduras<\/td>\n<td>7,50 \u20ac<\/td>\n<\/tr>\n<tr>\n<td>Jamaica<\/td>\n<td>7,50 \u20ac<\/td>\n<\/tr>\n<tr>\n<td>Netherlands Antilles<\/td>\n<td>7,50 \u20ac<\/td>\n<\/tr>\n<tr>\n<td>Saint Barth\u00e9lemy<\/td>\n<td>7,50 \u20ac<\/td>\n<\/tr>\n<tr>\n<td>Saint Kitts and Nevis<\/td>\n<td>7,50 \u20ac<\/td>\n<\/tr>\n<tr>\n<td>Saint Lucia<\/td>\n<td>7,50 \u20ac<\/td>\n<\/tr>\n<tr>\n<td>Saint Martin<\/td>\n<td>7,50 \u20ac<\/td>\n<\/tr>\n<tr>\n<td>Saint Vincent and the Grenadines<\/td>\n<td>7,50 \u20ac<\/td>\n<\/tr>\n<tr>\n<td>Trinidad and Tobago<\/td>\n<td>7,50 \u20ac<\/td>\n<\/tr>\n<tr>\n<td>Turks and Caicos Islands<\/td>\n<td>7,50 \u20ac<\/td>\n<\/tr>\n<tr>\n<td>Antigua and Barbuda<\/td>\n<td>7,50 \u20ac<\/td>\n<\/tr>\n<tr>\n<td>Argentina<\/td>\n<td>7,50 \u20ac<\/td>\n<\/tr>\n<tr>\n<td>Belize<\/td>\n<td>7,50 \u20ac<\/td>\n<\/tr>\n<tr>\n<td>Bolivia<\/td>\n<td>7,50 \u20ac<\/td>\n<\/tr>\n<tr>\n<td>Brazil<\/td>\n<td>7,50 \u20ac<\/td>\n<\/tr>\n<tr>\n<td>Chile<\/td>\n<td>7,50 \u20ac<\/td>\n<\/tr>\n<tr>\n<td>Colombia<\/td>\n<td>7,50 \u20ac<\/td>\n<\/tr>\n<tr>\n<td>Costa Rica<\/td>\n<td>7,50 \u20ac<\/td>\n<\/tr>\n<tr>\n<td>Cuba<\/td>\n<td>7,50 \u20ac<\/td>\n<\/tr>\n<tr>\n<td>Dominica<\/td>\n<td>7,50 \u20ac<\/td>\n<\/tr>\n<tr>\n<td>Dominican Republic<\/td>\n<td>7,50 \u20ac<\/td>\n<\/tr>\n<tr>\n<td>Ecuador<\/td>\n<td>7,50 \u20ac<\/td>\n<\/tr>\n<tr>\n<td>Falkland Islands<\/td>\n<td>7,50 \u20ac<\/td>\n<\/tr>\n<tr>\n<td>French Guiana<\/td>\n<td>7,50 \u20ac<\/td>\n<\/tr>\n<tr>\n<td>Grenada<\/td>\n<td>7,50 \u20ac<\/td>\n<\/tr>\n<tr>\n<td>Guam<\/td>\n<td>7,50 \u20ac<\/td>\n<\/tr>\n<tr>\n<td>Guinea<\/td>\n<td>7,50 \u20ac<\/td>\n<\/tr>\n<tr>\n<td>Guyana<\/td>\n<td>7,50 \u20ac<\/td>\n<\/tr>\n<tr>\n<td>Haiti<\/td>\n<td>7,50 \u20ac<\/td>\n<\/tr>\n<tr>\n<td>Martinique<\/td>\n<td>7,50 \u20ac<\/td>\n<\/tr>\n<tr>\n<td>Nicaragua<\/td>\n<td>7,50 \u20ac<\/td>\n<\/tr>\n<tr>\n<td>Panama<\/td>\n<td>7,50 \u20ac<\/td>\n<\/tr>\n<tr>\n<td>Paraguay<\/td>\n<td>7,50 \u20ac<\/td>\n<\/tr>\n<tr>\n<td>Peru<\/td>\n<td>7,50 \u20ac<\/td>\n<\/tr>\n<tr>\n<td>Puerto Rico<\/td>\n<td>7,50 \u20ac<\/td>\n<\/tr>\n<tr>\n<td>South Georgia and the South Sandwich Islands<\/td>\n<td>7,50 \u20ac<\/td>\n<\/tr>\n<tr>\n<td>Uruguay<\/td>\n<td>7,50 \u20ac<\/td>\n<\/tr>\n<tr>\n<td>U.S. Virgin Islands<\/td>\n<td>7,50 \u20ac<\/td>\n<\/tr>\n<tr>\n<td>Venezuela<\/td>\n<td>7,50 \u20ac<\/td>\n<\/tr>\n<tr>\n<td>Bahrain<\/td>\n<td>7,50 \u20ac<\/td>\n<\/tr>\n<tr>\n<td>Egypt<\/td>\n<td>7,50 \u20ac<\/td>\n<\/tr>\n<tr>\n<td>Iran<\/td>\n<td>7,50 \u20ac<\/td>\n<\/tr>\n<tr>\n<td>Iraq<\/td>\n<td>7,50 \u20ac<\/td>\n<\/tr>\n<tr>\n<td>Israel<\/td>\n<td>7,50 \u20ac<\/td>\n<\/tr>\n<tr>\n<td>Jordan<\/td>\n<td>7,50 \u20ac<\/td>\n<\/tr>\n<tr>\n<td>Kuwait<\/td>\n<td>7,50 \u20ac<\/td>\n<\/tr>\n<tr>\n<td>Lebanon<\/td>\n<td>7,50 \u20ac<\/td>\n<\/tr>\n<tr>\n<td>Libya<\/td>\n<td>7,50 \u20ac<\/td>\n<\/tr>\n<tr>\n<td>Oman<\/td>\n<td>7,50 \u20ac<\/td>\n<\/tr>\n<tr>\n<td>Palestinian Territories<\/td>\n<td>7,50 \u20ac<\/td>\n<\/tr>\n<tr>\n<td>Qatar<\/td>\n<td>7,50 \u20ac<\/td>\n<\/tr>\n<tr>\n<td>Saudi Arabia<\/td>\n<td>7,50 \u20ac<\/td>\n<\/tr>\n<tr>\n<td>Syria<\/td>\n<td>7,50 \u20ac<\/td>\n<\/tr>\n<tr>\n<td>United Arab Emirates<\/td>\n<td>7,50 \u20ac<\/td>\n<\/tr>\n<tr>\n<td>Yemen<\/td>\n<td>7,50 \u20ac<\/td>\n<\/tr>\n<tr>\n<td>American Samoa<\/td>\n<td>7,50 \u20ac<\/td>\n<\/tr>\n<tr>\n<td>Antarctica<\/td>\n<td>7,50 \u20ac<\/td>\n<\/tr>\n<tr>\n<td>Australia<\/td>\n<td>7,50 \u20ac<\/td>\n<\/tr>\n<tr>\n<td>Bouvet Island<\/td>\n<td>7,50 \u20ac<\/td>\n<\/tr>\n<tr>\n<td>British Indian Ocean Territory<\/td>\n<td>7,50 \u20ac<\/td>\n<\/tr>\n<tr>\n<td>Christmas Island<\/td>\n<td>7,50 \u20ac<\/td>\n<\/tr>\n<tr>\n<td>Cocos [Keeling] Islands<\/td>\n<td>7,50 \u20ac<\/td>\n<\/tr>\n<tr>\n<td>Cook Islands<\/td>\n<td>7,50 \u20ac<\/td>\n<\/tr>\n<tr>\n<td>French Polynesia<\/td>\n<td>7,50 \u20ac<\/td>\n<\/tr>\n<tr>\n<td>French Southern Territories<\/td>\n<td>7,50 \u20ac<\/td>\n<\/tr>\n<tr>\n<td>Heard Island and McDonald Islands<\/td>\n<td>7,50 \u20ac<\/td>\n<\/tr>\n<tr>\n<td>Kiribati<\/td>\n<td>7,50 \u20ac<\/td>\n<\/tr>\n<tr>\n<td>Marshall Islands<\/td>\n<td>7,50 \u20ac<\/td>\n<\/tr>\n<tr>\n<td>Micronesia<\/td>\n<td>7,50 \u20ac<\/td>\n<\/tr>\n<tr>\n<td>Nauru<\/td>\n<td>7,50 \u20ac<\/td>\n<\/tr>\n<tr>\n<td>New Caledonia<\/td>\n<td>7,50 \u20ac<\/td>\n<\/tr>\n<tr>\n<td>New Zealand<\/td>\n<td>7,50 \u20ac<\/td>\n<\/tr>\n<tr>\n<td>Niue<\/td>\n<td>7,50 \u20ac<\/td>\n<\/tr>\n<tr>\n<td>Norfolk Island<\/td>\n<td>7,50 \u20ac<\/td>\n<\/tr>\n<tr>\n<td>Palau<\/td>\n<td>7,50 \u20ac<\/td>\n<\/tr>\n<tr>\n<td>Papua New Guinea<\/td>\n<td>7,50 \u20ac<\/td>\n<\/tr>\n<tr>\n<td>Pitcairn Islands<\/td>\n<td>7,50 \u20ac<\/td>\n<\/tr>\n<tr>\n<td>Saint Helena<\/td>\n<td>7,50 \u20ac<\/td>\n<\/tr>\n<tr>\n<td>Samoa<\/td>\n<td>7,50 \u20ac<\/td>\n<\/tr>\n<tr>\n<td>Solomon Islands<\/td>\n<td>7,50 \u20ac<\/td>\n<\/tr>\n<tr>\n<td>Tokelau<\/td>\n<td>7,50 \u20ac<\/td>\n<\/tr>\n<tr>\n<td>Tonga<\/td>\n<td>7,50 \u20ac<\/td>\n<\/tr>\n<tr>\n<td>Tuvalu<\/td>\n<td>7,50 \u20ac<\/td>\n<\/tr>\n<tr>\n<td>Vanuatu<\/td>\n<td>7,50 \u20ac<\/td>\n<\/tr>\n<tr>\n<td>Wallis and Futuna<\/td>\n<td>7,50 \u20ac<\/td>\n<\/tr>\n<\/tbody>\n<\/table>\n<\/div>\n<p>&nbsp;<\/p>\n<div id=\"cc-shop-info-payment-methods\">\n<h2 class=\"n\">Payment methods<\/h2>\n<ul>\n<li>PayPal (including credit card, debit card, and bank transfer)\n<div>\n<p>Bei dieser Zahlungsart werden Sie automatisch zu der PayPal Seite weitergeleitet. Hier k\u00f6nnen Sie die Zahlungsart eingeben. F\u00fcr Bestellungen aus Deutschland empfiehlt sich aus Kostengr\u00fcnden das Lastschriftverfahren. Nach Eingabe der Zahlungsinformationen werden Sie auf diese Bestellseite zur\u00fcckgeleitet, um die Bestellung abzuschlie\u00dfen.<\/p>\n<p>By choosing this payment method you will be automatically directed to PayPal&#8217;s site in the next step. When you&#8217;ve entered your information there, you&#8217;ll be brought back to this store to complete your order.<\/p>\n<\/div>\n<\/li>\n<li>Payment in Advance\n<div>\n<p>M\u00f6chten Sie das bequeme, kosteng\u00fcnstige und sichere Lastschriftverfahren via PayPal nicht nutzen?<\/p>\n<p>Dann bitte Betrag auf das angegebene Bankkonto (Bank Account and Routing Number) \u00fcberweisen. Nach Erhalt wird Ihre CD versandt.<\/p>\n<p>In case you do not want to use the secure and cheaper payment options via PayPal above, please transfer the amount to the bank account above (Bank Account and Routing Number). Upon receipt, your CD will be dispatched.<\/p>\n<\/div>\n<\/li>\n<\/ul>\n<\/div>\n","protected":false},"excerpt":{"rendered":"<p>Important information about foreign shipping Z\u00f6lle, Einfuhrsteuern oder andere lokale Geb\u00fchren im Gesamtpreis nicht enthalten k\u00f6nnen u.U. bei internationalem Versand anfallen. Tolls, taxes, and other fees not indicated in the total price may apply to international shipments. &nbsp; Shipping available for the following countries: Standard Shipping Cost Germany 2,00 \u20ac Algeria 7,50 \u20ac Angola 7,50\u2026 <a href=\"https:\/\/kossinskaja.com\/ru\/agreements-policy\/paymant-delivery\/\">Read More &raquo;<\/a><\/p>\n","protected":false},"author":2,"featured_media":0,"parent":3410,"menu_order":0,"comment_status":"closed","ping_status":"closed","template":"","meta":{"_acf_changed":false,"footnotes":""},"acf":[],"_links":{"self":[{"href":"https:\/\/kossinskaja.com\/ru\/wp-json\/wp\/v2\/pages\/3415"}],"collection":[{"href":"https:\/\/kossinskaja.com\/ru\/wp-json\/wp\/v2\/pages"}],"about":[{"href":"https:\/\/kossinskaja.com\/ru\/wp-json\/wp\/v2\/types\/page"}],"author":[{"embeddable":true,"href":"https:\/\/kossinskaja.com\/ru\/wp-json\/wp\/v2\/users\/2"}],"replies":[{"embeddable":true,"href":"https:\/\/kossinskaja.com\/ru\/wp-json\/wp\/v2\/comments?post=3415"}],"version-history":[{"count":3,"href":"https:\/\/kossinskaja.com\/ru\/wp-json\/wp\/v2\/pages\/3415\/revisions"}],"predecessor-version":[{"id":3757,"href":"https:\/\/kossinskaja.com\/ru\/wp-json\/wp\/v2\/pages\/3415\/revisions\/3757"}],"up":[{"embeddable":true,"href":"https:\/\/kossinskaja.com\/ru\/wp-json\/wp\/v2\/pages\/3410"}],"wp:attachment":[{"href":"https:\/\/kossinskaja.com\/ru\/wp-json\/wp\/v2\/media?parent=3415"}],"curies":[{"name":"wp","href":"https:\/\/api.w.org\/{rel}","templated":true}]}}